{"id":991,"date":"2016-10-31T16:09:06","date_gmt":"2016-10-31T15:09:06","guid":{"rendered":"http:\/\/www.soul-wood.it\/es\/?page_id=991"},"modified":"2016-10-31T16:09:06","modified_gmt":"2016-10-31T15:09:06","slug":"privacy-policy","status":"publish","type":"page","link":"https:\/\/www.soul-wood.it\/es\/privacy-policy\/","title":{"rendered":"Privacy Policy"},"content":{"rendered":"<p><strong>PRIVACY &amp; COOKIE POLICY<\/strong><\/p>\n<p>I dati che vengono acquisiti saranno utilizzati da parte di\u00a0Soul Wood\u00a0e delle societ\u00e0 ad essa collegate, anche con l\u2019ausilio di mezzi elettronici, esclusivamente per espletare la richiesta informazioni o l\u2019invio di curricula. L\u2019eventuale rifiuto del consenso al trattamento dei dati marcati obbligatori nelle apposite caselle a spunta (\u201ccheckbox\u201d) comporter\u00e0 l\u2019impossibilit\u00e0 per Soul Wood di dar corso alla richiesta.<\/p>\n<p>Sono riconosciuti i diritti di cui all\u2019art. 7 del D.LGS. 196\/2003 comportanti in particolare il diritto di accedere ai propri dati chiedendone la correzione, l\u2019integrazione e, ricorrendone gli estremi, la cancellazione o il blocco inviando una e-mail a<\/p>\n<p>info@soul-wood.it<\/p>\n<p>Titolare del trattamento dei dati \u00e8 Soul Wood. Consenso ai sensi dell\u2019Art. 23 del Decreto Legislativo N. 196 del 30 giugno 2003. Preso atto dell\u2019informativa di cui sopra, facendo il \u201ccheck\u201d (spunta) sull\u2019apposita casella nel modulo, l\u2019utente autorizza il trattamento e la comunicazione dei dati personali a Soul Wood ed alle societ\u00e0 ad essa collegate.<\/p>\n<p><strong>COOKIE POLICY<\/strong><\/p>\n<p>Ambito normativo<\/p>\n<p>Soul Wood in qualit\u00e0 di Titolare del trattamento dei suoi dati personali ai sensi e per gli effetti del D.Lgs. 30 Giugno 2003 n.196 (\u2018Codice in materia di protezione dei dati personali\u2019), di seguito \u2018Codice della Privacy\u2019, con la presente La informa che la citata normativa prevede la tutela dei dati personali dei soggetti interessati e disciplina il trattamento di dati prescrivendo che esso sia improntato ai principi di correttezza, liceit\u00e0 e trasparenza e di tutela della Sua riservatezza e dei Suoi diritti<\/p>\n<p><em>Link a siti di terze parti<\/em><\/p>\n<p>La informiamo che, per fornire un servizio completo il nostro sito pu\u00f2 contenere link ad altri siti web, non gestiti da Soul Wood. Soul Wood non \u00e8 responsabile di errori, contenuti, cookies, pubblicazioni di contenuto morale illecito, pubblicit\u00e0, banner o files non conformi alle disposizioni normative vigenti e del rispetto della normativa Privacy da parte di siti non gestiti dalla stessa Soul Wood.<\/p>\n<p>Soggetti interessati:<\/p>\n<p>gli utenti del sito web http:\/\/www.soul-wood.it<\/p>\n<p><em>Trattamento dei dati<\/em><\/p>\n<p>Le informazioni ed i dati personali da Lei forniti od altrimenti acquisti nell\u2019ambito dell\u2019utilizzo del sito saranno trattati in accordo alle disposizioni legislative della normativa sopra richiamata e degli obblighi di riservatezza ivi previsti.<\/p>\n<p><em>Tipologia di dati trattati<\/em><\/p>\n<p>Tramite il sito possono essere acquisiti e quindi trattati i seguenti dati<\/p>\n<p>\u2013 Dati personali forniti volontariamente dall\u2019utente<\/p>\n<p>l\u2019invio facoltativo, esplicito e volontario di posta elettronica agli indirizzi indicati su questo sito e la compilazione di form presenti sul medesimo comporta la successiva acquisizione dei dati personali immessi\/indicati dal mittente ( a mero titolo esemplificativo nome, cognome, indirizzo mail).<\/p>\n<p><em>Finalit\u00e0 del trattamento<\/em><\/p>\n<p>i Suoi dati raccolti durante la navigazione verranno trattati per le seguenti finalit\u00e0:<\/p>\n<p>svolgimento di operazioni strettamente connesse e strumentali alla gestione dei rapporti con gli utenti o dei visitatori del sito;<br \/>\nraccolta, conservazione ed elaborazione dei suoi dati per:<br \/>\nanalisi statistiche anche in forma anonima e\/o aggregata;<br \/>\nanalisi statistiche volte alla verifica della qualit\u00e0 dei servizi offerti dal sito;<br \/>\nIl trattamento dei dati per l\u2019espletamento della finalit\u00e0 di cui al punto 1 \u00e8 obbligatoria e l\u2019eventuale non comunicazione, o comunicazione errata, di una delle informazioni pu\u00f2 limitare e\/o impedire l\u2019utilizzo in pieno delle funzionalit\u00e0 e dei servizi presenti sul sito.<\/p>\n<p>Il conferimento dei dati indicati nella finalit\u00e0 2 \u00e8 facoltativo, ed un suo eventuale rifiuto al trattamento non compromette le funzionalit\u00e0 e i servizi presenti sul sito. Relativamente al conferimento facoltativo vengono rese maggiori informazioni relative ai cookie presenti sul sito in questa pagina pi\u00f9 in basso e accessibile anche dall\u2019informativa breve.<\/p>\n<p><strong>Modalit\u00e0 di trattamento:<\/strong><\/p>\n<p>i dati personali sono trattati con strumenti manuali, elettronici, attraverso sistemi automatizzati come previsto nell\u2019art. 130 del Codice e anche mediante cookies per il tempo strettamente necessario a conseguire gli scopi per cui sono stati raccolti. Ogni trattamento avviene nel rispetto delle modalit\u00e0 indicate nel D.lgs 196\/2003 con l\u2019adozione delle misure minime ed idonee di sicurezza.<\/p>\n<p>I trattamenti connessi ai servizi web sono effettuati presso la sede del Titolare e sono conservati presso le sedi dove sono situati i server fisici.<\/p>\n<p><strong>Diffusione:<\/strong><\/p>\n<p>i suoi dati non saranno diffusi.<\/p>\n<p><strong>Terze parti<\/strong>:<\/p>\n<p>I suoi dati sono raccolti anche mediante strumenti e servizi erogati da terze parti e conservati direttamente da loro.<\/p>\n<p>Scorrere la pagina per disabilitare i cookie.<\/p>\n<p>Per maggiori informazioni si rimanda alla cookies policy e a quanto segue:<\/p>\n<p>Google Analytics: http:\/\/www.google.com\/analytics\/terms\/it.html \u2013 http:\/\/www.google.com\/privacypolicy.html<\/p>\n<p>Facebook: https:\/\/www.facebook.com\/policy.php<\/p>\n<p>Titolare:<\/p>\n<p>il Titolare del trattamento dei dati, ai sensi della Legge, \u00e8 la scrivente<\/p>\n<p>Soul Wood<\/p>\n<p>nella persona del suo legale rappresentante pro tempore.<\/p>\n<p>Diritti dell\u2019Interessato:<\/p>\n<p>Lei ha diritto di ottenere dal titolare al trattamento la cancellazione, la comunicazione, l\u2019aggiornamento, la rettificazione, l\u2019integrazione dei dati personali che La riguardano, nonch\u00e9 in generale pu\u00f2 esercitare tutti i diritti previsti dall\u2019art.7 del Codice della Privacy qui di seguito riportato.<\/p>\n<p>Applicazione della presente informativa \u2013 responsabile \u2013<\/p>\n<p>Se avete dubbi riguardo la presente Informativa, contattate innanzitutto la nostra azienda inviando una e-mail a info@hotelakropolis.it<\/p>\n<p>Decreto Legislativo n. 196\/2003: Art. 7 \u2013 Diritto di accesso ai dati personali ed altri diritti<\/p>\n<p>L\u2019interessato ha diritto di ottenere la conferma dell\u2019esistenza o meno di dati personali che lo riguardano, anche se non ancora registrati, e la loro comunicazione in forma intelligibile.<br \/>\nL\u2019interessato ha diritto di ottenere l\u2019indicazione :<br \/>\na) dell\u2019origine dei dati personali;<br \/>\nb) delle finalit\u00e0 e modalit\u00e0 del trattamento;<br \/>\nc) della logica applicata in caso di trattamento effettuato con l\u2019ausilio di strumenti elettronici;<br \/>\nd) degli estremi identificativi del titolare, dei responsabili e del rappresentante designato ai sensi dell\u2019articolo 5, comma 2;<br \/>\ne) dei soggetti o delle categorie di soggetti ai quali i dati personali possono essere comunicati o che possono venirne a conoscenza in qualit\u00e0 di rappresentante designato nel territorio dello Stato, di responsabili o incaricati.<br \/>\nL\u2019interessato ha diritto di ottenere:<br \/>\na) l\u2019aggiornamento, la rettificazione ovvero, quando vi ha interesse, l\u2019integrazione dei dati;<br \/>\nb) la cancellazione, la trasformazione in forma anonima o il blocco dei dati trattati in violazione di legge, compresi quelli di cui non \u00e8 necessaria la conservazione in relazione agli scopi per i quali i dati sono stati raccolti o successivamente trattati;<br \/>\nc) l\u2019attestazione che le operazioni di cui alle lettere a) e b) sono state portate a conoscenza, anche per quanto riguarda il loro contenuto, di coloro ai quali i dati sono stati comunicati o diffusi, eccettuato il caso in cui tale adempimento si rivela impossibile o comporta un impiego di mezzi manifestamente sproporzionato rispetto al diritto tutelato.<br \/>\nL\u2019interessato ha diritto di opporsi, in tutto o in parte:<br \/>\na) per motivi legittimi al trattamento dei dati personali che lo riguardano, ancorch\u00e8 pertinenti allo scopo della raccolta,<br \/>\nb) al trattamento di dati personali che lo riguardano a fini di invio di materiale pubblicitario o di vendita diretta o per il compimento di ricerche di mercato o di comunicazione commerciale.<br \/>\n<strong>\u2013 COOKIES POLICY \u2013<\/strong><\/p>\n<p>Come indicato nel banner comparso nella home page, questo sito utilizza dei Cookies.<\/p>\n<p><strong>Che cosa sono i Cookies?<\/strong><\/p>\n<p>I cookie sono stringhe di testo di piccole dimensioni che i siti visitati dall\u2019utente inviano al suo terminale (solitamente al browser), dove vengono memorizzati per essere poi ritrasmessi agli stessi siti alla successiva visita del medesimo utente. Nel corso della navigazione su un sito, l\u2019utente pu\u00f2 ricevere sul suo terminale anche cookie che vengono inviati da siti o da web server diversi (c.d. \u201ccookies di terze parti\u201d), sui quali possono risiedere alcuni elementi (quali, ad esempio, immagini, mappe, suoni, specifici link a pagine di altri domini) presenti sul sito che lo stesso sta visitando. I cookie, solitamente presenti nei browser degli utenti in numero molto elevato e a volte anche con caratteristiche di ampia persistenza temporale, sono usati per differenti finalit\u00e0: esecuzione di autenticazioni informatiche, monitoraggio di sessioni, memorizzazione di informazioni su specifiche configurazioni riguardanti gli utenti che accedono al server, ecc.<\/p>\n<p>Quali sono le principali tipologie di Cookies?<\/p>\n<p>Il provvedimento dello 08 maggio 2014 del Garante Privacy ha distinto due macro-categorie: i cookie \u201ctecnici\u201d e cookie \u201cdi profilazione\u201d.<\/p>\n<p><strong>Cookie tecnici.<\/strong><\/p>\n<p>I cookie tecnici sono quelli utilizzati al solo fine di \u201ceffettuare la trasmissione di una comunicazione su una rete di comunicazione elettronica, o nella misura strettamente necessaria al fornitore di un servizio della societ\u00e0 dell\u2019informazione esplicitamente richiesto dall\u2019abbonato o dall\u2019utente a erogare tale servizio\u201d (cfr. art. 122, comma 1, del Codice Privacy). Essi non vengono utilizzati per scopi ulteriori e sono normalmente installati direttamente dal titolare o gestore del sito web. Possono essere suddivisi in cookie di navigazione o di sessione, che garantiscono la normale navigazione e fruizione del sito web (permettendo, ad esempio, di realizzare un acquisto o autenticarsi per accedere ad aree riservate); cookie analytics, assimilati ai cookie tecnici laddove utilizzati direttamente dal gestore del sito per raccogliere informazioni, in forma aggregata, sul numero degli utenti e su come questi visitano il sito stesso; cookie di funzionalit\u00e0, che permettono all\u2019utente la navigazione in funzione di una serie di criteri selezionati (ad esempio, la lingua, i prodotti selezionati per l\u2019acquisto) al fine di migliorare il servizio reso allo stesso.<\/p>\n<p>Ai sensi della normativa vigente per l\u2019installazione di tali cookies non \u00e8 richiesto il preventivo consenso degli utenti.<\/p>\n<p><strong>Cookie di profilazione.<\/strong><\/p>\n<p>I cookie di profilazione sono volti a creare profili relativi all\u2019utente e vengono utilizzati al fine di inviare messaggi pubblicitari in linea con le preferenze manifestate dallo stesso nell\u2019ambito della navigazione in rete. In ragione della particolare invasivit\u00e0 che tali dispositivi possono avere nell\u2019ambito della sfera privata degli utenti, la normativa europea e italiana prevede che l\u2019utente debba essere adeguatamente informato sull\u2019uso degli stessi ed esprimere cos\u00ec il proprio valido consenso. Ad essi si riferisce l\u2019art. 122 del Codice Privacy laddove prevede che \u201cl\u2019archiviazione delle informazioni nell\u2019apparecchio terminale di un contraente o di un utente o l\u2019accesso a informazioni gi\u00e0 archiviate sono consentiti unicamente a condizione che il contraente o l\u2019utente abbia espresso il proprio consenso dopo essere stato informato con le modalit\u00e0 semplificate di cui all\u2019articolo 13 Codice Privacy, comma 3\u2033 .<\/p>\n<p>Alcuni esempi<\/p>\n<p>Session e Persistent Cookies<\/p>\n<p>I Session Cookies contengono l\u2019informazione che viene utilizzata nella tua sessione corrente del browser. Questi cookies vengono automaticamente cancellati quando chiudi il browser. Nulla viene conservato sul tuo computer oltre il tempo di utilizzazione del sito<\/p>\n<p>I Persistent Cookies vengono utilizzati per mantenere l\u2019informazione che viene utilizzata nel periodo tra un accesso e l\u2019altro al sito web, o utilizzati per finalit\u00e0 tecniche e per migliorare la navigazione sul sito. Questo dato permette ai siti di riconoscere che sei utente o visitatore gi\u00e0 noto e si adatta di conseguenza. I cookies \u201cpersistenti\u201d hanno una durata che viene fissata dal sito web e che pu\u00f2 variare da pochi minuti a diversi anni.<\/p>\n<p>Cookies del Titolare del sito e di terze parti<\/p>\n<p>Ti segnaliamo che occorre tenere conto del differente soggetto che installa i cookie sul terminale dell\u2019utente, a seconda che si tratti dello stesso gestore del sito che l\u2019utente sta visitando (che pu\u00f2 essere sinteticamente indicato come \u201ceditore\u201d o \u201cTitolare\u201d) o di un sito diverso che installa cookie per il tramite del primo (c.d. \u201cterze parti\u201d).<\/p>\n<p>Vi saranno quindi:<\/p>\n<p>I Cookies del Titolare, creati e leggibili dal sito che li ha creati.<\/p>\n<p>I Cookies di terze parti, che sono creati e leggibili da domini esterni al sito ed i cui dati sono conservati presso il soggetto terzo.<\/p>\n<p>Al fine di operare tale raccolta di dati il nostro partner potrebbe avere necessit\u00e0 di collocare un cookie (un breve file di testo) sul vostro computer. Per maggiori informazioni riguardo a questo tipo di servizio basato sui gusti degli utenti, derivante dai cookies di terze parti, potete visitare i siti dei terzi ai links sotto riportati.<\/p>\n<p>Visitatori registrati<\/p>\n<p>In relazione ai visitatori registrati che abbiano prestato il consenso in sede di registrazione, ci riserviamo di analizzare le attivit\u00e0 online dei visitatori registrati sui nostri siti Web e sui servizi online tramite l\u2019uso dei cookie e di altre tecnologie di tracciabilit\u00e0. Se hai scelto di ricevere comunicazioni da parte nostra, possiamo utilizzare i cookie e altre tecnologie di tracciabilit\u00e0 per personalizzare le future comunicazioni in funzione dei tuoi interessi.<\/p>\n<p>Inoltre, nel rispetto ed entro i limiti della normativa di settore, ci riserviamo il diritto di utilizzare cookie o altre tecnologie di tracciabilit\u00e0 all\u2019interno delle comunicazioni che ricevi da noi (ad esempio, per sapere se queste sono state lette o aperte o per rilevare con quali contenuti hai interagito e quali collegamenti hai aperto), in modo da rendere le comunicazioni future pi\u00f9 rispondenti ai tuoi interessi.<\/p>\n<p>Quali Cookie utilizza il presente sito web, quali sono le loro principali caratteristiche e come negare il consenso a ciascuno dei cookie<\/p>\n<p>Il presente sito web pu\u00f2 inviare all\u2019utente i cookies di seguito indicati e brevemente descritti, per le finalit\u00e0 di seguito precisate.<\/p>\n<p>Cookies tecnici del Titolare<\/p>\n<p>Servono a far funzionare la piattaforma CMS. Non raccolgono dati privati, personali o altro e sono intesi di \u201csessione\u201d, ovvero vengono rimossi automaticamente alla chiusura della finestra.<\/p>\n<p>Principali Cookies di terze parti<\/p>\n<p>Google Analytics, si specifica che \u00e8 attiva di default l\u2019anonimizzazione dell\u2019indirizzo IP.<\/p>\n<p>Significa che non ci \u00e8 possibile risalire ai vostri dati privati, ma vengono utilizzati solo per dati statistici degli accessi al sito.<\/p>\n<p>Facebook, viene utilizzato per contare i like del nostro profilo sul Social Network omonimo.<\/p>\n<p>Puoi gestire le tue preferenze sui cookies anche tramite browser<\/p>\n<p>Se non conosci il tipo e la versione di browser che stai utilizzando puoi cliccare su \u201cAiuto\u201d nella finestra del browser in alto, da cui puoi accedere a tutte le informazioni necessarie.<\/p>\n<p>Se invece conosci il tuo browser clicca su questo link per accedere alla pagina di gestione dei cookies.<\/p>\n","protected":false},"excerpt":{"rendered":"<p>PRIVACY &amp; COOKIE POLICY I dati che vengono acquisiti saranno utilizzati da parte di\u00a0Soul Wood\u00a0e delle societ\u00e0 ad essa collegate, anche con l\u2019ausilio di mezzi elettronici, esclusivamente per espletare la richiesta informazioni o l\u2019invio di curricula. L\u2019eventuale rifiuto del consenso al trattamento dei dati marcati obbligatori nelle apposite caselle a spunta (\u201ccheckbox\u201d) comporter\u00e0 l\u2019impossibilit\u00e0 per [&hellip;]<\/p>\n","protected":false},"author":1,"featured_media":0,"parent":0,"menu_order":0,"comment_status":"closed","ping_status":"closed","template":"","meta":{"footnotes":""},"class_list":["post-991","page","type-page","status-publish","hentry"],"yoast_head":"<!-- This site is optimized with the Yoast SEO plugin v25.9 - https:\/\/yoast.com\/wordpress\/plugins\/seo\/ -->\n<title>Privacy Policy - Soul Wood<\/title>\n<meta name=\"robots\" content=\"index, follow, max-snippet:-1, max-image-preview:large, max-video-preview:-1\" \/>\n<link rel=\"canonical\" href=\"https:\/\/www.soul-wood.it\/es\/privacy-policy\/\" \/>\n<meta property=\"og:locale\" content=\"es_ES\" \/>\n<meta property=\"og:type\" content=\"article\" \/>\n<meta property=\"og:title\" content=\"Privacy Policy - Soul Wood\" \/>\n<meta property=\"og:description\" content=\"PRIVACY &amp; COOKIE POLICY I dati che vengono acquisiti saranno utilizzati da parte di\u00a0Soul Wood\u00a0e delle societ\u00e0 ad essa collegate, anche con l\u2019ausilio di mezzi elettronici, esclusivamente per espletare la richiesta informazioni o l\u2019invio di curricula. L\u2019eventuale rifiuto del consenso al trattamento dei dati marcati obbligatori nelle apposite caselle a spunta (\u201ccheckbox\u201d) comporter\u00e0 l\u2019impossibilit\u00e0 per [&hellip;]\" \/>\n<meta property=\"og:url\" content=\"https:\/\/www.soul-wood.it\/es\/privacy-policy\/\" \/>\n<meta property=\"og:site_name\" content=\"Soul Wood\" \/>\n<meta name=\"twitter:card\" content=\"summary_large_image\" \/>\n<meta name=\"twitter:label1\" content=\"Tiempo de lectura\" \/>\n\t<meta name=\"twitter:data1\" content=\"11 minutos\" \/>\n<script type=\"application\/ld+json\" class=\"yoast-schema-graph\">{\"@context\":\"https:\/\/schema.org\",\"@graph\":[{\"@type\":\"WebPage\",\"@id\":\"https:\/\/www.soul-wood.it\/es\/privacy-policy\/\",\"url\":\"https:\/\/www.soul-wood.it\/es\/privacy-policy\/\",\"name\":\"Privacy Policy - Soul Wood\",\"isPartOf\":{\"@id\":\"https:\/\/www.soul-wood.it\/#website\"},\"datePublished\":\"2016-10-31T15:09:06+00:00\",\"breadcrumb\":{\"@id\":\"https:\/\/www.soul-wood.it\/es\/privacy-policy\/#breadcrumb\"},\"inLanguage\":\"es\",\"potentialAction\":[{\"@type\":\"ReadAction\",\"target\":[\"https:\/\/www.soul-wood.it\/es\/privacy-policy\/\"]}]},{\"@type\":\"BreadcrumbList\",\"@id\":\"https:\/\/www.soul-wood.it\/es\/privacy-policy\/#breadcrumb\",\"itemListElement\":[{\"@type\":\"ListItem\",\"position\":1,\"name\":\"Home\",\"item\":\"https:\/\/www.soul-wood.it\/es\/homeesp\/\"},{\"@type\":\"ListItem\",\"position\":2,\"name\":\"Privacy Policy\"}]},{\"@type\":\"WebSite\",\"@id\":\"https:\/\/www.soul-wood.it\/#website\",\"url\":\"https:\/\/www.soul-wood.it\/\",\"name\":\"Soul Wood\",\"description\":\"\",\"potentialAction\":[{\"@type\":\"SearchAction\",\"target\":{\"@type\":\"EntryPoint\",\"urlTemplate\":\"https:\/\/www.soul-wood.it\/?s={search_term_string}\"},\"query-input\":{\"@type\":\"PropertyValueSpecification\",\"valueRequired\":true,\"valueName\":\"search_term_string\"}}],\"inLanguage\":\"es\"}]}<\/script>\n<!-- \/ Yoast SEO plugin. -->","yoast_head_json":{"title":"Privacy Policy - Soul Wood","robots":{"index":"index","follow":"follow","max-snippet":"max-snippet:-1","max-image-preview":"max-image-preview:large","max-video-preview":"max-video-preview:-1"},"canonical":"https:\/\/www.soul-wood.it\/es\/privacy-policy\/","og_locale":"es_ES","og_type":"article","og_title":"Privacy Policy - Soul Wood","og_description":"PRIVACY &amp; COOKIE POLICY I dati che vengono acquisiti saranno utilizzati da parte di\u00a0Soul Wood\u00a0e delle societ\u00e0 ad essa collegate, anche con l\u2019ausilio di mezzi elettronici, esclusivamente per espletare la richiesta informazioni o l\u2019invio di curricula. L\u2019eventuale rifiuto del consenso al trattamento dei dati marcati obbligatori nelle apposite caselle a spunta (\u201ccheckbox\u201d) comporter\u00e0 l\u2019impossibilit\u00e0 per [&hellip;]","og_url":"https:\/\/www.soul-wood.it\/es\/privacy-policy\/","og_site_name":"Soul Wood","twitter_card":"summary_large_image","twitter_misc":{"Tiempo de lectura":"11 minutos"},"schema":{"@context":"https:\/\/schema.org","@graph":[{"@type":"WebPage","@id":"https:\/\/www.soul-wood.it\/es\/privacy-policy\/","url":"https:\/\/www.soul-wood.it\/es\/privacy-policy\/","name":"Privacy Policy - Soul Wood","isPartOf":{"@id":"https:\/\/www.soul-wood.it\/#website"},"datePublished":"2016-10-31T15:09:06+00:00","breadcrumb":{"@id":"https:\/\/www.soul-wood.it\/es\/privacy-policy\/#breadcrumb"},"inLanguage":"es","potentialAction":[{"@type":"ReadAction","target":["https:\/\/www.soul-wood.it\/es\/privacy-policy\/"]}]},{"@type":"BreadcrumbList","@id":"https:\/\/www.soul-wood.it\/es\/privacy-policy\/#breadcrumb","itemListElement":[{"@type":"ListItem","position":1,"name":"Home","item":"https:\/\/www.soul-wood.it\/es\/homeesp\/"},{"@type":"ListItem","position":2,"name":"Privacy Policy"}]},{"@type":"WebSite","@id":"https:\/\/www.soul-wood.it\/#website","url":"https:\/\/www.soul-wood.it\/","name":"Soul Wood","description":"","potentialAction":[{"@type":"SearchAction","target":{"@type":"EntryPoint","urlTemplate":"https:\/\/www.soul-wood.it\/?s={search_term_string}"},"query-input":{"@type":"PropertyValueSpecification","valueRequired":true,"valueName":"search_term_string"}}],"inLanguage":"es"}]}},"_links":{"self":[{"href":"https:\/\/www.soul-wood.it\/es\/wp-json\/wp\/v2\/pages\/991","targetHints":{"allow":["GET"]}}],"collection":[{"href":"https:\/\/www.soul-wood.it\/es\/wp-json\/wp\/v2\/pages"}],"about":[{"href":"https:\/\/www.soul-wood.it\/es\/wp-json\/wp\/v2\/types\/page"}],"author":[{"embeddable":true,"href":"https:\/\/www.soul-wood.it\/es\/wp-json\/wp\/v2\/users\/1"}],"replies":[{"embeddable":true,"href":"https:\/\/www.soul-wood.it\/es\/wp-json\/wp\/v2\/comments?post=991"}],"version-history":[{"count":2,"href":"https:\/\/www.soul-wood.it\/es\/wp-json\/wp\/v2\/pages\/991\/revisions"}],"predecessor-version":[{"id":1001,"href":"https:\/\/www.soul-wood.it\/es\/wp-json\/wp\/v2\/pages\/991\/revisions\/1001"}],"wp:attachment":[{"href":"https:\/\/www.soul-wood.it\/es\/wp-json\/wp\/v2\/media?parent=991"}],"curies":[{"name":"wp","href":"https:\/\/api.w.org\/{rel}","templated":true}]}}